{"id":2589,"date":"2025-06-02T16:14:04","date_gmt":"2025-06-02T16:14:04","guid":{"rendered":"https:\/\/abautopartes.com\/?page_id=2589"},"modified":"2025-06-23T21:07:22","modified_gmt":"2025-06-23T21:07:22","slug":"terms-and-conditions","status":"publish","type":"page","link":"https:\/\/abautopartes.com\/en\/terms-and-conditions\/","title":{"rendered":"Terms and Conditions"},"content":{"rendered":"\t\t<div data-elementor-type=\"wp-page\" data-elementor-id=\"2589\" class=\"elementor elementor-2589 elementor-1991\" data-elementor-post-type=\"page\">\n\t\t\t\t<div data-particle_enable=\"false\" data-particle-mobile-disabled=\"false\" class=\"elementor-element elementor-element-1670de6 e-flex e-con-boxed e-con e-parent\" data-id=\"1670de6\" data-element_type=\"container\" data-e-type=\"container\" data-settings=\"{&quot;background_background&quot;:&quot;classic&quot;,&quot;ekit_has_onepagescroll_dot&quot;:&quot;yes&quot;}\">\n\t\t\t\t\t<div class=\"e-con-inner\">\n\t\t\t\t<div class=\"elementor-element elementor-element-70e6bbe elementor-widget elementor-widget-elementskit-heading\" data-id=\"70e6bbe\" data-element_type=\"widget\" data-e-type=\"widget\" data-settings=\"{&quot;ekit_we_effect_on&quot;:&quot;none&quot;}\" data-widget_type=\"elementskit-heading.default\">\n\t\t\t\t<div class=\"elementor-widget-container\">\n\t\t\t\t\t<div class=\"ekit-wid-con\" ><div class=\"ekit-heading elementskit-section-title-wraper text_center   ekit_heading_tablet-   ekit_heading_mobile-\"><h2 class=\"ekit-heading--title elementskit-section-title \">Terms and <span><span>Conditions<\/span><\/span><\/h2><\/div><\/div>\t\t\t\t<\/div>\n\t\t\t\t<\/div>\n\t\t\t\t\t<\/div>\n\t\t\t\t<\/div>\n\t\t<div data-particle_enable=\"false\" data-particle-mobile-disabled=\"false\" class=\"elementor-element elementor-element-5154ff4 e-flex e-con-boxed e-con e-parent\" data-id=\"5154ff4\" data-element_type=\"container\" data-e-type=\"container\" data-settings=\"{&quot;ekit_has_onepagescroll_dot&quot;:&quot;yes&quot;}\">\n\t\t\t\t\t<div class=\"e-con-inner\">\n\t\t\t\t<div class=\"elementor-element elementor-element-d9db22a elementor-widget elementor-widget-heading\" data-id=\"d9db22a\" data-element_type=\"widget\" data-e-type=\"widget\" data-settings=\"{&quot;ekit_we_effect_on&quot;:&quot;none&quot;}\" data-widget_type=\"heading.default\">\n\t\t\t\t<div class=\"elementor-widget-container\">\n\t\t\t\t\t<h2 class=\"elementor-heading-title elementor-size-default\">1. Acceptance of Terms<\/h2>\t\t\t\t<\/div>\n\t\t\t\t<\/div>\n\t\t\t\t<div class=\"elementor-element elementor-element-2248640 elementor-widget elementor-widget-text-editor\" data-id=\"2248640\" data-element_type=\"widget\" data-e-type=\"widget\" data-settings=\"{&quot;ekit_we_effect_on&quot;:&quot;none&quot;}\" data-widget_type=\"text-editor.default\">\n\t\t\t\t<div class=\"elementor-widget-container\">\n\t\t\t\t\t\t\t\t\tBy accessing and using this AB Autopartes website, the user fully accepts these terms and conditions. If you do not agree with any part of them, we recommend that you do not use the site.\t\t\t\t\t\t\t\t<\/div>\n\t\t\t\t<\/div>\n\t\t\t\t<div class=\"elementor-element elementor-element-95f80d9 elementor-widget elementor-widget-heading\" data-id=\"95f80d9\" data-element_type=\"widget\" data-e-type=\"widget\" data-settings=\"{&quot;ekit_we_effect_on&quot;:&quot;none&quot;}\" data-widget_type=\"heading.default\">\n\t\t\t\t<div class=\"elementor-widget-container\">\n\t\t\t\t\t<h2 class=\"elementor-heading-title elementor-size-default\">2. Use of the Website<\/h2>\t\t\t\t<\/div>\n\t\t\t\t<\/div>\n\t\t\t\t<div class=\"elementor-element elementor-element-f4093bc elementor-widget elementor-widget-text-editor\" data-id=\"f4093bc\" data-element_type=\"widget\" data-e-type=\"widget\" data-settings=\"{&quot;ekit_we_effect_on&quot;:&quot;none&quot;}\" data-widget_type=\"text-editor.default\">\n\t\t\t\t<div class=\"elementor-widget-container\">\n\t\t\t\t\t\t\t\t\t<p data-start=\"314\" data-end=\"515\">This website is intended to provide information about our automotive services and to allow interested users to contact us for more details or to request personalized advice.<\/p>\r\n<p data-start=\"517\" data-end=\"723\">No transactions, purchases, or service agreements are made directly through the website. Any further interaction will take place directly between AB Autopartes and the user, outside the digital environment.<\/p>\t\t\t\t\t\t\t\t<\/div>\n\t\t\t\t<\/div>\n\t\t\t\t<div class=\"elementor-element elementor-element-e9a2b91 elementor-widget elementor-widget-heading\" data-id=\"e9a2b91\" data-element_type=\"widget\" data-e-type=\"widget\" data-settings=\"{&quot;ekit_we_effect_on&quot;:&quot;none&quot;}\" data-widget_type=\"heading.default\">\n\t\t\t\t<div class=\"elementor-widget-container\">\n\t\t\t\t\t<h2 class=\"elementor-heading-title elementor-size-default\">3. Data Collection and Use<\/h2>\t\t\t\t<\/div>\n\t\t\t\t<\/div>\n\t\t\t\t<div class=\"elementor-element elementor-element-0a1a502 elementor-widget elementor-widget-text-editor\" data-id=\"0a1a502\" data-element_type=\"widget\" data-e-type=\"widget\" data-settings=\"{&quot;ekit_we_effect_on&quot;:&quot;none&quot;}\" data-widget_type=\"text-editor.default\">\n\t\t\t\t<div class=\"elementor-widget-container\">\n\t\t\t\t\t\t\t\t\t<p data-start=\"725\" data-end=\"940\">By completing our contact forms, the user agrees to provide basic information such as full name, company name, email address, and phone number. This data will be used exclusively to:<\/p>\r\n\r\n<ul data-start=\"942\" data-end=\"1100\">\r\n \t<li data-start=\"942\" data-end=\"998\">\r\n<p data-start=\"944\" data-end=\"998\">Contact the user via phone call, WhatsApp, or email.<\/p>\r\n<\/li>\r\n \t<li data-start=\"999\" data-end=\"1100\">\r\n<p data-start=\"1001\" data-end=\"1100\">Send commercial or promotional information related to our services (email marketing in the future).<\/p>\r\n<\/li>\r\n<\/ul>\r\n<p data-start=\"1102\" data-end=\"1157\">For more details, please refer to our <a href=\"https:\/\/abautopartes.com\/en\/privacy-policy\/\">Privacy Policy<\/a><\/p>\t\t\t\t\t\t\t\t<\/div>\n\t\t\t\t<\/div>\n\t\t\t\t<div class=\"elementor-element elementor-element-7815493 elementor-widget elementor-widget-heading\" data-id=\"7815493\" data-element_type=\"widget\" data-e-type=\"widget\" data-settings=\"{&quot;ekit_we_effect_on&quot;:&quot;none&quot;}\" data-widget_type=\"heading.default\">\n\t\t\t\t<div class=\"elementor-widget-container\">\n\t\t\t\t\t<h2 class=\"elementor-heading-title elementor-size-default\">4. Intellectual Property<\/h2>\t\t\t\t<\/div>\n\t\t\t\t<\/div>\n\t\t\t\t<div class=\"elementor-element elementor-element-3076448 elementor-widget elementor-widget-text-editor\" data-id=\"3076448\" data-element_type=\"widget\" data-e-type=\"widget\" data-settings=\"{&quot;ekit_we_effect_on&quot;:&quot;none&quot;}\" data-widget_type=\"text-editor.default\">\n\t\t\t\t<div class=\"elementor-widget-container\">\n\t\t\t\t\t\t\t\t\tAll content on this website, including text, images, logos, and design, belongs to AB Autopartes or has been licensed for use. Reproduction, distribution, or modification without prior written authorization is prohibited.\t\t\t\t\t\t\t\t<\/div>\n\t\t\t\t<\/div>\n\t\t\t\t<div class=\"elementor-element elementor-element-aabeb7c elementor-widget elementor-widget-heading\" data-id=\"aabeb7c\" data-element_type=\"widget\" data-e-type=\"widget\" data-settings=\"{&quot;ekit_we_effect_on&quot;:&quot;none&quot;}\" data-widget_type=\"heading.default\">\n\t\t\t\t<div class=\"elementor-widget-container\">\n\t\t\t\t\t<h2 class=\"elementor-heading-title elementor-size-default\">5. Liability<\/h2>\t\t\t\t<\/div>\n\t\t\t\t<\/div>\n\t\t\t\t<div class=\"elementor-element elementor-element-cae16fb elementor-widget elementor-widget-text-editor\" data-id=\"cae16fb\" data-element_type=\"widget\" data-e-type=\"widget\" data-settings=\"{&quot;ekit_we_effect_on&quot;:&quot;none&quot;}\" data-widget_type=\"text-editor.default\">\n\t\t\t\t<div class=\"elementor-widget-container\">\n\t\t\t\t\t\t\t\t\tAB Autopartes is not responsible for errors or omissions in the site content or for interruptions in its availability. The use of the information provided on this site is the sole responsibility of the user.\t\t\t\t\t\t\t\t<\/div>\n\t\t\t\t<\/div>\n\t\t\t\t<div class=\"elementor-element elementor-element-e7aac1e elementor-widget elementor-widget-heading\" data-id=\"e7aac1e\" data-element_type=\"widget\" data-e-type=\"widget\" data-settings=\"{&quot;ekit_we_effect_on&quot;:&quot;none&quot;}\" data-widget_type=\"heading.default\">\n\t\t\t\t<div class=\"elementor-widget-container\">\n\t\t\t\t\t<h2 class=\"elementor-heading-title elementor-size-default\">6. Modifications<\/h2>\t\t\t\t<\/div>\n\t\t\t\t<\/div>\n\t\t\t\t<div class=\"elementor-element elementor-element-710611d elementor-widget elementor-widget-text-editor\" data-id=\"710611d\" data-element_type=\"widget\" data-e-type=\"widget\" data-settings=\"{&quot;ekit_we_effect_on&quot;:&quot;none&quot;}\" data-widget_type=\"text-editor.default\">\n\t\t\t\t<div class=\"elementor-widget-container\">\n\t\t\t\t\t\t\t\t\tWe reserve the right to modify these terms and conditions at any time. Updated versions will be available on this same page, and continued use of the site implies acceptance of the changes.\t\t\t\t\t\t\t\t<\/div>\n\t\t\t\t<\/div>\n\t\t\t\t<div class=\"elementor-element elementor-element-a65e4cf elementor-widget-divider--view-line elementor-widget elementor-widget-divider\" data-id=\"a65e4cf\" data-element_type=\"widget\" data-e-type=\"widget\" data-settings=\"{&quot;ekit_we_effect_on&quot;:&quot;none&quot;}\" data-widget_type=\"divider.default\">\n\t\t\t\t<div class=\"elementor-widget-container\">\n\t\t\t\t\t\t\t<div class=\"elementor-divider\">\n\t\t\t<span class=\"elementor-divider-separator\">\n\t\t\t\t\t\t<\/span>\n\t\t<\/div>\n\t\t\t\t\t\t<\/div>\n\t\t\t\t<\/div>\n\t\t\t\t<div class=\"elementor-element elementor-element-0f6dfdb elementor-widget elementor-widget-text-editor\" data-id=\"0f6dfdb\" data-element_type=\"widget\" data-e-type=\"widget\" data-settings=\"{&quot;ekit_we_effect_on&quot;:&quot;none&quot;}\" data-widget_type=\"text-editor.default\">\n\t\t\t\t<div class=\"elementor-widget-container\">\n\t\t\t\t\t\t\t\t\tFor more information, you can contact us at: <strong><a class=\"cursor-pointer\" rel=\"noopener\" data-start=\"1909\" data-end=\"1939\">jefecomercial@abautopartes.com or <\/a>+57 318 390 6334<\/strong>\t\t\t\t\t\t\t\t<\/div>\n\t\t\t\t<\/div>\n\t\t\t\t\t<\/div>\n\t\t\t\t<\/div>\n\t\t\t\t<\/div>\n\t\t","protected":false},"excerpt":{"rendered":"","protected":false},"author":2,"featured_media":0,"parent":0,"menu_order":0,"comment_status":"closed","ping_status":"closed","template":"elementor_header_footer","meta":{"_acf_changed":false,"footnotes":""},"class_list":["post-2589","page","type-page","status-publish","hentry"],"acf":[],"yoast_head":"<!-- This site is optimized with the Yoast SEO Premium plugin v27.0 (Yoast SEO v27.0) - https:\/\/yoast.com\/product\/yoast-seo-premium-wordpress\/ -->\n<title>Terms and Conditions - AB Autopartes<\/title>\n<meta name=\"description\" content=\"%\" \/>\n<meta name=\"robots\" content=\"index, follow, max-snippet:-1, max-image-preview:large, max-video-preview:-1\" \/>\n<link rel=\"canonical\" href=\"https:\/\/abautopartes.com\/en\/terms-and-conditions\/\" \/>\n<meta property=\"og:locale\" content=\"en_US\" \/>\n<meta property=\"og:type\" content=\"article\" \/>\n<meta property=\"og:title\" content=\"Terms and Conditions\" \/>\n<meta property=\"og:description\" content=\"%\" \/>\n<meta property=\"og:url\" content=\"https:\/\/abautopartes.com\/en\/terms-and-conditions\/\" \/>\n<meta property=\"og:site_name\" content=\"AB Autopartes\" \/>\n<meta property=\"article:modified_time\" content=\"2025-06-23T21:07:22+00:00\" \/>\n<meta property=\"og:image\" content=\"https:\/\/abautopartes.com\/wp-content\/uploads\/2025\/05\/webp_AB_Nos-10.webp\" \/>\n\t<meta property=\"og:image:width\" content=\"1920\" \/>\n\t<meta property=\"og:image:height\" content=\"1080\" \/>\n\t<meta property=\"og:image:type\" content=\"image\/webp\" \/>\n<meta name=\"twitter:card\" content=\"summary_large_image\" \/>\n<script type=\"application\/ld+json\" class=\"yoast-schema-graph\">{\"@context\":\"https:\/\/schema.org\",\"@graph\":[{\"@type\":\"WebPage\",\"@id\":\"https:\/\/abautopartes.com\/en\/terms-and-conditions\/\",\"url\":\"https:\/\/abautopartes.com\/en\/terms-and-conditions\/\",\"name\":\"Terms and Conditions - AB Autopartes\",\"isPartOf\":{\"@id\":\"https:\/\/abautopartes.com\/#website\"},\"datePublished\":\"2025-06-02T16:14:04+00:00\",\"dateModified\":\"2025-06-23T21:07:22+00:00\",\"description\":\"%\",\"breadcrumb\":{\"@id\":\"https:\/\/abautopartes.com\/en\/terms-and-conditions\/#breadcrumb\"},\"inLanguage\":\"en-US\",\"potentialAction\":[{\"@type\":\"ReadAction\",\"target\":[\"https:\/\/abautopartes.com\/en\/terms-and-conditions\/\"]}]},{\"@type\":\"BreadcrumbList\",\"@id\":\"https:\/\/abautopartes.com\/en\/terms-and-conditions\/#breadcrumb\",\"itemListElement\":[{\"@type\":\"ListItem\",\"position\":1,\"name\":\"Portada\",\"item\":\"https:\/\/abautopartes.com\/en\/\"},{\"@type\":\"ListItem\",\"position\":2,\"name\":\"Terms and Conditions\"}]},{\"@type\":\"WebSite\",\"@id\":\"https:\/\/abautopartes.com\/#website\",\"url\":\"https:\/\/abautopartes.com\/\",\"name\":\"AB Autopartes\",\"description\":\"Centro de servicio especializado en multimarcas\",\"publisher\":{\"@id\":\"https:\/\/abautopartes.com\/#organization\"},\"potentialAction\":[{\"@type\":\"SearchAction\",\"target\":{\"@type\":\"EntryPoint\",\"urlTemplate\":\"https:\/\/abautopartes.com\/?s={search_term_string}\"},\"query-input\":{\"@type\":\"PropertyValueSpecification\",\"valueRequired\":true,\"valueName\":\"search_term_string\"}}],\"inLanguage\":\"en-US\"},{\"@type\":\"Organization\",\"@id\":\"https:\/\/abautopartes.com\/#organization\",\"name\":\"AB Autopartes\",\"url\":\"https:\/\/abautopartes.com\/\",\"logo\":{\"@type\":\"ImageObject\",\"inLanguage\":\"en-US\",\"@id\":\"https:\/\/abautopartes.com\/#\/schema\/logo\/image\/\",\"url\":\"https:\/\/abautopartes.com\/wp-content\/uploads\/2025\/05\/ICONO-AB.webp\",\"contentUrl\":\"https:\/\/abautopartes.com\/wp-content\/uploads\/2025\/05\/ICONO-AB.webp\",\"width\":400,\"height\":400,\"caption\":\"AB Autopartes\"},\"image\":{\"@id\":\"https:\/\/abautopartes.com\/#\/schema\/logo\/image\/\"},\"description\":\"En AB Autopartes llevamos m\u00e1s de 16 a\u00f1os al servicio de quienes conf\u00edan en su movilidad como parte esencial de su vida o negocio. Somos una empresa humana, cercana y comprometida, que entiende las necesidades reales de cada cliente. Brindamos soluciones integrales en mantenimiento, diagn\u00f3stico y reparaci\u00f3n, cuidando cada veh\u00edculo con dedicaci\u00f3n, experiencia y honestidad. Nos mueve la confianza, la excelencia y el deseo de ser un aliado que siempre est\u00e1 ah\u00ed, incluso antes de que surja el problema.\",\"email\":\"jefecomercial@abautopartes.com\",\"telephone\":\"+57 318 390 6334\",\"legalName\":\"AB Autopartes\"}]}<\/script>\n<!-- \/ Yoast SEO Premium plugin. -->","yoast_head_json":{"title":"Terms and Conditions - AB Autopartes","description":"%","robots":{"index":"index","follow":"follow","max-snippet":"max-snippet:-1","max-image-preview":"max-image-preview:large","max-video-preview":"max-video-preview:-1"},"canonical":"https:\/\/abautopartes.com\/en\/terms-and-conditions\/","og_locale":"en_US","og_type":"article","og_title":"Terms and Conditions","og_description":"%","og_url":"https:\/\/abautopartes.com\/en\/terms-and-conditions\/","og_site_name":"AB Autopartes","article_modified_time":"2025-06-23T21:07:22+00:00","og_image":[{"width":1920,"height":1080,"url":"https:\/\/abautopartes.com\/wp-content\/uploads\/2025\/05\/webp_AB_Nos-10.webp","type":"image\/webp"}],"twitter_card":"summary_large_image","schema":{"@context":"https:\/\/schema.org","@graph":[{"@type":"WebPage","@id":"https:\/\/abautopartes.com\/en\/terms-and-conditions\/","url":"https:\/\/abautopartes.com\/en\/terms-and-conditions\/","name":"Terms and Conditions - AB Autopartes","isPartOf":{"@id":"https:\/\/abautopartes.com\/#website"},"datePublished":"2025-06-02T16:14:04+00:00","dateModified":"2025-06-23T21:07:22+00:00","description":"%","breadcrumb":{"@id":"https:\/\/abautopartes.com\/en\/terms-and-conditions\/#breadcrumb"},"inLanguage":"en-US","potentialAction":[{"@type":"ReadAction","target":["https:\/\/abautopartes.com\/en\/terms-and-conditions\/"]}]},{"@type":"BreadcrumbList","@id":"https:\/\/abautopartes.com\/en\/terms-and-conditions\/#breadcrumb","itemListElement":[{"@type":"ListItem","position":1,"name":"Portada","item":"https:\/\/abautopartes.com\/en\/"},{"@type":"ListItem","position":2,"name":"Terms and Conditions"}]},{"@type":"WebSite","@id":"https:\/\/abautopartes.com\/#website","url":"https:\/\/abautopartes.com\/","name":"AB Autopartes","description":"Centro de servicio especializado en multimarcas","publisher":{"@id":"https:\/\/abautopartes.com\/#organization"},"potentialAction":[{"@type":"SearchAction","target":{"@type":"EntryPoint","urlTemplate":"https:\/\/abautopartes.com\/?s={search_term_string}"},"query-input":{"@type":"PropertyValueSpecification","valueRequired":true,"valueName":"search_term_string"}}],"inLanguage":"en-US"},{"@type":"Organization","@id":"https:\/\/abautopartes.com\/#organization","name":"AB Autopartes","url":"https:\/\/abautopartes.com\/","logo":{"@type":"ImageObject","inLanguage":"en-US","@id":"https:\/\/abautopartes.com\/#\/schema\/logo\/image\/","url":"https:\/\/abautopartes.com\/wp-content\/uploads\/2025\/05\/ICONO-AB.webp","contentUrl":"https:\/\/abautopartes.com\/wp-content\/uploads\/2025\/05\/ICONO-AB.webp","width":400,"height":400,"caption":"AB Autopartes"},"image":{"@id":"https:\/\/abautopartes.com\/#\/schema\/logo\/image\/"},"description":"En AB Autopartes llevamos m\u00e1s de 16 a\u00f1os al servicio de quienes conf\u00edan en su movilidad como parte esencial de su vida o negocio. Somos una empresa humana, cercana y comprometida, que entiende las necesidades reales de cada cliente. Brindamos soluciones integrales en mantenimiento, diagn\u00f3stico y reparaci\u00f3n, cuidando cada veh\u00edculo con dedicaci\u00f3n, experiencia y honestidad. Nos mueve la confianza, la excelencia y el deseo de ser un aliado que siempre est\u00e1 ah\u00ed, incluso antes de que surja el problema.","email":"jefecomercial@abautopartes.com","telephone":"+57 318 390 6334","legalName":"AB Autopartes"}]}},"_links":{"self":[{"href":"https:\/\/abautopartes.com\/en\/wp-json\/wp\/v2\/pages\/2589","targetHints":{"allow":["GET"]}}],"collection":[{"href":"https:\/\/abautopartes.com\/en\/wp-json\/wp\/v2\/pages"}],"about":[{"href":"https:\/\/abautopartes.com\/en\/wp-json\/wp\/v2\/types\/page"}],"author":[{"embeddable":true,"href":"https:\/\/abautopartes.com\/en\/wp-json\/wp\/v2\/users\/2"}],"replies":[{"embeddable":true,"href":"https:\/\/abautopartes.com\/en\/wp-json\/wp\/v2\/comments?post=2589"}],"version-history":[{"count":2,"href":"https:\/\/abautopartes.com\/en\/wp-json\/wp\/v2\/pages\/2589\/revisions"}],"predecessor-version":[{"id":2591,"href":"https:\/\/abautopartes.com\/en\/wp-json\/wp\/v2\/pages\/2589\/revisions\/2591"}],"wp:attachment":[{"href":"https:\/\/abautopartes.com\/en\/wp-json\/wp\/v2\/media?parent=2589"}],"curies":[{"name":"wp","href":"https:\/\/api.w.org\/{rel}","templated":true}]}}